{"id":600,"date":"2018-04-17T16:00:47","date_gmt":"2018-04-17T16:00:47","guid":{"rendered":"https:\/\/quiranteabogada.com\/politica-de-cookies\/"},"modified":"2022-04-30T18:39:37","modified_gmt":"2022-04-30T16:39:37","slug":"cookies-richtlinie","status":"publish","type":"page","link":"https:\/\/quiranteabogada.com\/de\/cookies-richtlinie\/","title":{"rendered":"Cookies richtlinie"},"content":{"rendered":"\n<h3 class=\"wp-block-heading\" id=\"block-58ad69c4-8dc9-402d-b573-683942d02d43\">Was ist ein Cookie?<\/h3>\n\n<p id=\"block-90b2f2df-5ef3-461d-9c8a-ede9faa226b2\">Ein Cookie es eine Datei, die auf Ihrem Computer\/Tablet\/Smartphone installiert wird, wenn Sie auf bestimmte Webseiten und\/oder Anwendungen zugreifen. Cookies erlauben es unter anderem, Informationen \u00fcber die Surfgewohnheiten eines Nutzers oder seines Ger\u00e4ts zu speichern und zur\u00fcckzugewinnen, und k\u00f6nnen, je nach den Informationen, die sie enthalten, und der Form, in der Ihr Ger\u00e4t genutzt wird, f\u00fcr die Erkennung des Nutzer verwendet werden.<\/p>\n\n<h3 class=\"wp-block-heading\" id=\"block-9e0f6512-c1e6-46c5-bf0a-fe614103750a\">Welche Arten von Cookies verwendet die Webseite von Quiranteabogada?<\/h3>\n\n<p id=\"block-04f698c7-b8bf-4e32-a3d3-ff1689844867\">a) Je nach der Einrichtung, die sie betreibt:<\/p>\n\n<p id=\"block-f5f0422d-31ff-4da1-8efa-250b52a8a89d\"><strong>Eigene Cookies:<\/strong> Diese werden an das Endger\u00e4t des Nutzers von einem Ger\u00e4t oder einer Domaine geschickt, die von Quiranteabogada betrieben werden, und von denen aus die von dem Nutzer gew\u00fcnschte Dienstleistung erbracht wird.<\/p>\n\n<p id=\"block-8854c830-361c-40ad-a1db-6ae071e78e7c\"><strong> Cookies von Dritten: Diese werden an das Endger\u00e4t des Nutzers von einem Ger\u00e4t oder von einer Domaine geschickt, die nicht von Quiranteabogada betrieben werden, sondern von einer anderen Einrichtung, die die \u00fcber die Cookies erhaltenen Daten verarbeitet.<\/strong> Im Abschnitt \u201cVerwendung der Cookies\u201d k\u00f6nnen Sie nachschauen, welche Einrichtungen Cookies auf dieser Webseite installieren.<\/p>\n\n<p id=\"block-0bbead86-7a08-4e94-90bc-02c4e40439fb\">b) Je nach dem Zeitraum, in dem sie aktiviert bleiben:<\/p>\n\n<p id=\"block-4af2d17f-3201-4025-8157-f4a01453288a\"><strong>Sitzungs-Cookies:<\/strong>Dieser Typ von Cookies ist f\u00fcr die Erfassung undSpeicherung von Daten gedacht, w\u00e4hrend der Nutzer auf unsereWebseite zugreift.<\/p>\n\n<p id=\"block-288f9d53-f7da-484b-96af-f7bff65a2608\"><strong>Dauerhafte Cookies:<\/strong> Bei diesem Typ von Cookies bleiben die Datenim Terminal gespeichert und k\u00f6nnen w\u00e4hrend eines von dem Verantwortlichen des Cookies festgelegten Zeitraums benutzt undverarbeitet werden, der von einigen Minuten bis zu mehreren Jahren variieren kann.<\/p>\n\n<p id=\"block-6e8932f7-6874-4e10-a298-cf8397040f43\">c) Gem\u00e4\u00df dem Zweck, f\u00fcr den sie verarbeitet werden:<\/p>\n\n<p id=\"block-188d4d6b-813f-40de-8e69-b910b3ff2e4a\"><strong>Analyse-Cookies:<\/strong>Diese werden von uns oder von Dritten verarbeitet, um die Zahl der Nutzer quantifizieren und so die statistische Erfassung und Analyse der Verwendung der angebotenen Leistungen durch die Nutzer vornehmen zu k\u00f6nnen. Hierf\u00fcr wird Ihr Surfverhalten auf unserer Webseite oder Anwendung analysiert, mitdem Ziel, unser Angebot an Produkten oder Dienstleistungen zu verbessern.<\/p>\n\n<p id=\"block-7fbd2b6c-3d40-4ae7-833c-c9ada0565c4b\"><strong>Technische Cookies:<\/strong> Diese werden von uns oder von Dritten verarbeitet, damit der Nutzer auf unserer Webseite surfen und die verschiedenen, dort enthaltenen Optionen oder Leistungen nutzen kann, als Erweiterung (Plug-in) f\u00fcr den Austausch von sozialen Inhalten, zur Authentifizierung oder zur Identifizierung des Nutzersoder f\u00fcr Sitzungen \u00fcber einen Multimedia-Player.<\/p>\n\n<p id=\"block-189cd21a-8c2e-4b6e-b9a7-36426a168f0f\"><strong>Personalisierungs-Cookies:<\/strong>Diese werden von uns oder von Dritten verarbeitet, damit der Nutzer auf den Service mit einigen vordefinierten Merkmalen allgemeiner Art zugreifen kann, inAbh\u00e4ngigkeit einer Reihe von Kriterien auf dem Terminal des Nutzers, wie der voreingestellten Sprache, in der die Webseite gezeigt wird.<\/p>\n\n<p id=\"block-da432804-1ad5-4511-8d9e-13cf9125dd95\"><strong>Statistik (4)<\/strong><\/p>\n\n<p id=\"block-8a3a99bf-dd8b-4332-8930-2562aeaa2e6e\">Statistische Cookies helfen Website-Betreibern zu verstehen, wie Besucher mit Websites interagieren, indem sie Informationen in anonymer Form sammeln und bereitstellen.<\/p>\n\n<p id=\"block-8f4f2484-6766-4476-a8d2-08d8794217fc\"><strong>Pr\u00e4ferenzen (1)<\/strong><\/p>\n\n<p id=\"block-4171cb91-951d-4492-a590-f84898467958\">Pr\u00e4ferenz-Cookies erm\u00f6glichen es der Website, Informationen zu speichern, die das Verhalten oder das Aussehen der Website ver\u00e4ndern, z. B. Ihre bevorzugte Sprache oder die Region, in der Sie sich befinden.<\/p>\n\n<p id=\"block-5be5bf6e-b70d-41f9-a286-d26e0def7962\"><strong>Erforderlich (5)<\/strong><\/p>\n\n<p id=\"block-00e97fe0-50bc-4e84-9782-f497b4c99dd3\">Notwendige Cookies helfen dabei, eine Website nutzbar zu machen, indem sie grundlegende Funktionen wie die Seitennavigation und den Zugang zu sicheren Bereichen der Website erm\u00f6glichen. Ohne diese Cookies kann die Website nicht richtig funktionieren.<\/p>\n\n<figure class=\"wp-block-table\"><table><tbody><tr><td><strong>Name<\/strong><\/td><td><strong><strong>Anbieter<\/strong><\/strong><\/td><td><strong>Zweck<\/strong><\/td><td><strong>Verfallsdatum<\/strong><\/td><\/tr><tr><td>1P_JAR<\/td><td>.google.com<\/td><td>Google-Einstellungen<\/td><td>1 Monat<\/td><\/tr><tr><td>APISID<\/td><td>.google.com<\/td><td>Speichert die Pr\u00e4ferenzen und Informationen der Nutzer, wenn sie Seiten mit von Google gehosteten Inhalten, wie YouTube oder Google Maps, aufrufen.<\/td><td>2 Jahre<\/td><\/tr><tr><td>HSID<\/td><td>.google.com<\/td><td>Die Google-Konto-ID eines Nutzers<\/td><td>2 Jahre<\/td><\/tr><tr><td>NID<\/td><td>.google.com<\/td><td>Google-Einstellungen<\/td><td>6 Monate<\/td><\/tr><tr><td>OTZ<\/td><td>www.google.com<\/td><td>Google-Einstellungen<\/td><td>25 Tage<\/td><\/tr><tr><td>PHPSESSID<\/td><td>quiranteabogada.com<\/td><td>Login<\/td><td>Sitzung<\/td><\/tr><tr><td>SAPISID<\/td><td>.google.com<\/td><td>Speichert die Pr\u00e4ferenzen und Informationen der Nutzer, wenn sie Seiten mit von Google gehosteten Inhalten, wie YouTube oder Google Maps, aufrufen.<\/td><td>2 Jahre<\/td><\/tr><tr><td>SEARCH_SAMESITE<\/td><td>.google.com<\/td><td>Sicherheit<\/td><td>6 Monate<\/td><\/tr><tr><td>SID<\/td><td>.google.com<\/td><td>Login<\/td><td>2 Jahre<\/td><\/tr><tr><td>SIDCC<\/td><td>.google.com<\/td><td>Speichert die Pr\u00e4ferenzen und Informationen der Nutzer, wenn sie Seiten mit von Google gehosteten Inhalten, wie YouTube oder Google Maps, aufrufen.<\/td><td>1 Jahr<\/td><\/tr><tr><td>SSID<\/td><td>.google.com<\/td><td>Speichert die Pr\u00e4ferenzen und Informationen der Nutzer, wenn sie Seiten mit von Google gehosteten Inhalten, wie YouTube oder Google Maps, aufrufen.<\/td><td>2 Jahre<\/td><\/tr><tr><td>__Secure-3PAPISID<\/td><td>.google.com<\/td><td>Sicherheit<\/td><td>2 Jahre<\/td><\/tr><tr><td>__Secure-3PSID<\/td><td>.google.com<\/td><td>Sicherheit<\/td><td>2 Jahre<\/td><\/tr><tr><td>__Secure-3PSIDCC<\/td><td>.google.com<\/td><td>Sicherheit<\/td><td>1 Jahr<\/td><\/tr><tr><td>_ga<\/td><td>.quiranteabogada.com<\/td><td>Sie zeichnet eine eindeutige ID auf, die dazu dient, statistische Daten dar\u00fcber zu erstellen, wie der Besucher die Website nutzt.<\/td><td>2 Jahre<\/td><\/tr><tr><td>_ga_#<\/td><td>.quiranteabogada.com<\/td><td>Erfasst Daten \u00fcber die Anzahl der Besuche eines Nutzers auf der Website sowie das Datum des ersten und des letzten Besuchs. Wird von Google Analytics verwendet.<\/td><td>2 Jahre<\/td><\/tr><tr><td>_gid<\/td><td>.quiranteabogada.com<\/td><td>Sie zeichnet eine eindeutige ID auf, die dazu dient, statistische Daten dar\u00fcber zu erstellen, wie der Besucher die Website nutzt.<\/td><td>1 Tag<\/td><\/tr><tr><td>moove_gdpr_popup<\/td><td>quiranteabogada.com<\/td><td>Cookie-Plugin<\/td><td>1 Jahr<\/td><\/tr><tr><td>wp-wpml_current_admin_language<\/td><td>quiranteabogada.com<\/td><td>Bezeichnet den L\u00e4ndercode, der auf der Grundlage der IP-Adresse des Administratorbenutzers berechnet wird. Hier wird festgelegt, welche Sprache f\u00fcr Administratoren verwendet werden soll.<\/td><td>1 Tag<\/td><\/tr><tr><td>wp-wpml_current_language<\/td><td>quiranteabogada.com<\/td><td>Bezeichnet den L\u00e4ndercode, der auf der Grundlage der IP-Adresse des Benutzers berechnet wird. Dient zur Festlegung der Sprache, die f\u00fcr die Benutzer verwendet werden soll.<\/td><td>1 Tag<\/td><\/tr><\/tbody><\/table><\/figure>\n<h3 class=\"wp-block-heading\">Deaktivierung oder L\u00f6schung von Cookies<\/h3>\n\n<p>Sie k\u00f6nnen die auf Ihrem Computer installierten Cookies zulassen, blockieren oder l\u00f6schen, indem Sie die auf Ihrem Computer\/Tablet\/Smartphone installierten Browseroptionen konfigurieren.<\/p>\n\n<p>F\u00fcr weitere Informationen \u00fcber Internet Explorer klicken Sie <a href=\"https:\/\/support.microsoft.com\/es-es\/help\/17442\/windows-internet-explorer-delete-manage-cookies\">hier.<\/a><\/p>\n\n<p>F\u00fcr n\u00e4here Informationen \u00fcber Google Chrome klicken Sie <a href=\"https:\/\/support.google.com\/accounts\/answer\/61416?hl=en\">hier.<\/a><\/p>\n\n<p>F\u00fcr n\u00e4here Informationen \u00fcber Firefox klicken Sie <a href=\"https:\/\/support.mozilla.org\/en-US\/kb\/disable-third-party-cookies\">hier.<\/a><\/p>\n\n<p>F\u00fcr n\u00e4here Informationen \u00fcber Safari klicken Sie<a href=\"https:\/\/support.apple.com\/es-es\/guide\/safari\/manage-cookies-and-website-data-sfri11471\/mac\">hier.<\/a><\/p>\n\n<p>F\u00fcr n\u00e4here Informationen \u00fcber Opera klicken Sie <a href=\"https:\/\/www.opera.com\/help\/tutorials\/security\/privacy\/\">hier.<\/a><\/p>\n\n<h3 class=\"wp-block-heading\">Verwendung der Cookies<\/h3>\n\n<p>Auf dieser Webseite verwenden wir auch Cookies von Dritten f\u00fcr die Analyse von Informationen \u00fcber das Surfverhalten, die M\u00f6glichkeit des Teilens von Inhalten in sozialen Netzwerken und des Abspielens von auf einer anderen Webseite befindlichen Videos. Unter den folgenden Links k\u00f6nnen Sie die Cookies-Richtlinie von jeder einzelner dieser Einrichtungen einsehen:<\/p>\n\n<p>\u2022 \u2022 Google Analytics y Youtube, consultar los siguientes enlaces:<br\/>o \u2022 <a href=\"https:\/\/developers.google.com\/analytics\/devguides\/collection\/analyticsjs\/cookie-usage\">https:\/\/developers.google.com\/analytics\/devguides\/collection\/analyticsjs\/cookie-usage<\/a><br\/>o \u2022 <a href=\"https:\/\/support.google.com\/analytics\/answer\/6004245\">https:\/\/www.google.com\/analytics\/learn\/privacy.html<\/a><br\/>o \u2022 <a href=\"https:\/\/policies.google.com\/technologies\/cookies?hl=en-US\">http:\/\/www.google.com\/intl\/en-US\/policies\/technologies\/cookies\/<\/a><br\/>\u2022 \u2022 Twitter, consultar el siguiente enlace: <a href=\"https:\/\/twitter.com\/es\/privacy\">https:\/\/twitter.com\/privacy<\/a><br\/>\u2022 \u2022 Addthis, consultar el siguiente enlace: <a href=\"http:\/\/www.addthis.com\/privacy\">http:\/\/www.addthis.com\/privacy<\/a><\/p>\n\n<h3 class=\"wp-block-heading\">Zustimmung<\/h3>\n\n<p>Durch das Surfen auf unserer Webseite oder durch den Zugriff auf unsere Anwendung akzeptieren Sie die Installation und Verwendung der Cookies.<br\/>Sie k\u00f6nnen Ihre zuvor geleistete Zustimmung jederzeit widerrufen, indem Sie die auf Ihrem Ger\u00e4t installierten Cookies \u00fcber die Konfiguration der Optionen des Browsers eliminieren, so wie in dem Abschnitt \u201cDeaktivierung oder Eliminierung von Cookies\u201d angegeben. Allerdings informieren wir Sie, dass dies einen Einfluss auf die Funktionalit\u00e4ten der Webseite oder der Anwendung haben kann, was Ihre Erfahrung als Nutzer weniger zufriedenstellend machen kann.<\/p>\n\n<div style=\"height:100px\" aria-hidden=\"true\" class=\"wp-block-spacer\"><\/div>\n","protected":false},"excerpt":{"rendered":"<p>Was ist ein Cookie? Ein Cookie es eine Datei, die auf Ihrem Computer\/Tablet\/Smartphone installiert wird, wenn Sie auf bestimmte Webseiten und\/oder Anwendungen zugreifen. Cookies erlauben es unter anderem, Informationen \u00fcber die Surfgewohnheiten eines Nutzers oder seines Ger\u00e4ts zu speichern und zur\u00fcckzugewinnen, und k\u00f6nnen, je nach den Informationen, die sie enthalten, und der Form, in der [&hellip;]<\/p>\n","protected":false},"author":2,"featured_media":0,"parent":0,"menu_order":5,"comment_status":"closed","ping_status":"closed","template":"","meta":{"_et_pb_use_builder":"off","_et_pb_old_content":"","_et_gb_content_width":"","footnotes":""},"class_list":["post-600","page","type-page","status-publish","hentry"],"yoast_head":"<!-- This site is optimized with the Yoast SEO plugin v27.6 - https:\/\/yoast.com\/product\/yoast-seo-wordpress\/ -->\n<title>Cookies richtlinie | Quirante Abogada<\/title>\n<meta name=\"description\" content=\"Was ist ein Cookie? Ein Cookie es eine Datei, die auf Ihrem Computer\/Tablet\/Smartphone installiert wird, wenn Sie auf bestimmte Webseiten und\/oder\" \/>\n<meta name=\"robots\" content=\"noindex, nofollow\" \/>\n<meta property=\"og:locale\" content=\"de_DE\" \/>\n<meta property=\"og:type\" content=\"article\" \/>\n<meta property=\"og:title\" content=\"Cookies richtlinie | Quirante Abogada\" \/>\n<meta property=\"og:description\" content=\"Was ist ein Cookie? Ein Cookie es eine Datei, die auf Ihrem Computer\/Tablet\/Smartphone installiert wird, wenn Sie auf bestimmte Webseiten und\/oder\" \/>\n<meta property=\"og:url\" content=\"https:\/\/quiranteabogada.com\/de\/cookies-richtlinie\/\" \/>\n<meta property=\"og:site_name\" content=\"Quirante Abogada\" \/>\n<meta property=\"article:publisher\" content=\"https:\/\/www.facebook.com\/mariajose.quirantetello\" \/>\n<meta property=\"article:modified_time\" content=\"2022-04-30T16:39:37+00:00\" \/>\n<meta name=\"twitter:card\" content=\"summary_large_image\" \/>\n<script type=\"application\/ld+json\" class=\"yoast-schema-graph\">{\"@context\":\"https:\\\/\\\/schema.org\",\"@graph\":[{\"@type\":\"WebPage\",\"@id\":\"https:\\\/\\\/quiranteabogada.com\\\/de\\\/cookies-richtlinie\\\/\",\"url\":\"https:\\\/\\\/quiranteabogada.com\\\/de\\\/cookies-richtlinie\\\/\",\"name\":\"Cookies richtlinie | Quirante Abogada\",\"isPartOf\":{\"@id\":\"https:\\\/\\\/quiranteabogada.com\\\/de\\\/#website\"},\"datePublished\":\"2018-04-17T16:00:47+00:00\",\"dateModified\":\"2022-04-30T16:39:37+00:00\",\"description\":\"Was ist ein Cookie? Ein Cookie es eine Datei, die auf Ihrem Computer\\\/Tablet\\\/Smartphone installiert wird, wenn Sie auf bestimmte Webseiten und\\\/oder\",\"breadcrumb\":{\"@id\":\"https:\\\/\\\/quiranteabogada.com\\\/de\\\/cookies-richtlinie\\\/#breadcrumb\"},\"inLanguage\":\"de\",\"potentialAction\":[{\"@type\":\"ReadAction\",\"target\":[\"https:\\\/\\\/quiranteabogada.com\\\/de\\\/cookies-richtlinie\\\/\"]}]},{\"@type\":\"BreadcrumbList\",\"@id\":\"https:\\\/\\\/quiranteabogada.com\\\/de\\\/cookies-richtlinie\\\/#breadcrumb\",\"itemListElement\":[{\"@type\":\"ListItem\",\"position\":1,\"name\":\"Portada\",\"item\":\"https:\\\/\\\/quiranteabogada.com\\\/de\\\/rechtsanwaeltin-maria-jose-quirante\\\/\"},{\"@type\":\"ListItem\",\"position\":2,\"name\":\"Cookies richtlinie\"}]},{\"@type\":\"WebSite\",\"@id\":\"https:\\\/\\\/quiranteabogada.com\\\/de\\\/#website\",\"url\":\"https:\\\/\\\/quiranteabogada.com\\\/de\\\/\",\"name\":\"Quirante Abogada\",\"description\":\"Asesoramiento legal. Abogada | Lawyer | Rechtsanw\u00e4ltin en Ibiza\",\"publisher\":{\"@id\":\"https:\\\/\\\/quiranteabogada.com\\\/de\\\/#organization\"},\"potentialAction\":[{\"@type\":\"SearchAction\",\"target\":{\"@type\":\"EntryPoint\",\"urlTemplate\":\"https:\\\/\\\/quiranteabogada.com\\\/de\\\/?s={search_term_string}\"},\"query-input\":{\"@type\":\"PropertyValueSpecification\",\"valueRequired\":true,\"valueName\":\"search_term_string\"}}],\"inLanguage\":\"de\"},{\"@type\":\"Organization\",\"@id\":\"https:\\\/\\\/quiranteabogada.com\\\/de\\\/#organization\",\"name\":\"Quirante Abogada\",\"url\":\"https:\\\/\\\/quiranteabogada.com\\\/de\\\/\",\"logo\":{\"@type\":\"ImageObject\",\"inLanguage\":\"de\",\"@id\":\"https:\\\/\\\/quiranteabogada.com\\\/de\\\/#\\\/schema\\\/logo\\\/image\\\/\",\"url\":\"https:\\\/\\\/quiranteabogada.com\\\/wp-content\\\/uploads\\\/2018\\\/04\\\/logo_quirante_abogada.png\",\"contentUrl\":\"https:\\\/\\\/quiranteabogada.com\\\/wp-content\\\/uploads\\\/2018\\\/04\\\/logo_quirante_abogada.png\",\"width\":450,\"height\":120,\"caption\":\"Quirante Abogada\"},\"image\":{\"@id\":\"https:\\\/\\\/quiranteabogada.com\\\/de\\\/#\\\/schema\\\/logo\\\/image\\\/\"},\"sameAs\":[\"https:\\\/\\\/www.facebook.com\\\/mariajose.quirantetello\",\"https:\\\/\\\/www.linkedin.com\\\/in\\\/mar\u00eda-jos\u00e9-quirante-tello-601a61b3\\\/\"]}]}<\/script>\n<!-- \/ Yoast SEO plugin. -->","yoast_head_json":{"title":"Cookies richtlinie | Quirante Abogada","description":"Was ist ein Cookie? Ein Cookie es eine Datei, die auf Ihrem Computer\/Tablet\/Smartphone installiert wird, wenn Sie auf bestimmte Webseiten und\/oder","robots":{"index":"noindex","follow":"nofollow"},"og_locale":"de_DE","og_type":"article","og_title":"Cookies richtlinie | Quirante Abogada","og_description":"Was ist ein Cookie? Ein Cookie es eine Datei, die auf Ihrem Computer\/Tablet\/Smartphone installiert wird, wenn Sie auf bestimmte Webseiten und\/oder","og_url":"https:\/\/quiranteabogada.com\/de\/cookies-richtlinie\/","og_site_name":"Quirante Abogada","article_publisher":"https:\/\/www.facebook.com\/mariajose.quirantetello","article_modified_time":"2022-04-30T16:39:37+00:00","twitter_card":"summary_large_image","schema":{"@context":"https:\/\/schema.org","@graph":[{"@type":"WebPage","@id":"https:\/\/quiranteabogada.com\/de\/cookies-richtlinie\/","url":"https:\/\/quiranteabogada.com\/de\/cookies-richtlinie\/","name":"Cookies richtlinie | Quirante Abogada","isPartOf":{"@id":"https:\/\/quiranteabogada.com\/de\/#website"},"datePublished":"2018-04-17T16:00:47+00:00","dateModified":"2022-04-30T16:39:37+00:00","description":"Was ist ein Cookie? Ein Cookie es eine Datei, die auf Ihrem Computer\/Tablet\/Smartphone installiert wird, wenn Sie auf bestimmte Webseiten und\/oder","breadcrumb":{"@id":"https:\/\/quiranteabogada.com\/de\/cookies-richtlinie\/#breadcrumb"},"inLanguage":"de","potentialAction":[{"@type":"ReadAction","target":["https:\/\/quiranteabogada.com\/de\/cookies-richtlinie\/"]}]},{"@type":"BreadcrumbList","@id":"https:\/\/quiranteabogada.com\/de\/cookies-richtlinie\/#breadcrumb","itemListElement":[{"@type":"ListItem","position":1,"name":"Portada","item":"https:\/\/quiranteabogada.com\/de\/rechtsanwaeltin-maria-jose-quirante\/"},{"@type":"ListItem","position":2,"name":"Cookies richtlinie"}]},{"@type":"WebSite","@id":"https:\/\/quiranteabogada.com\/de\/#website","url":"https:\/\/quiranteabogada.com\/de\/","name":"Quirante Abogada","description":"Asesoramiento legal. Abogada | Lawyer | Rechtsanw\u00e4ltin en Ibiza","publisher":{"@id":"https:\/\/quiranteabogada.com\/de\/#organization"},"potentialAction":[{"@type":"SearchAction","target":{"@type":"EntryPoint","urlTemplate":"https:\/\/quiranteabogada.com\/de\/?s={search_term_string}"},"query-input":{"@type":"PropertyValueSpecification","valueRequired":true,"valueName":"search_term_string"}}],"inLanguage":"de"},{"@type":"Organization","@id":"https:\/\/quiranteabogada.com\/de\/#organization","name":"Quirante Abogada","url":"https:\/\/quiranteabogada.com\/de\/","logo":{"@type":"ImageObject","inLanguage":"de","@id":"https:\/\/quiranteabogada.com\/de\/#\/schema\/logo\/image\/","url":"https:\/\/quiranteabogada.com\/wp-content\/uploads\/2018\/04\/logo_quirante_abogada.png","contentUrl":"https:\/\/quiranteabogada.com\/wp-content\/uploads\/2018\/04\/logo_quirante_abogada.png","width":450,"height":120,"caption":"Quirante Abogada"},"image":{"@id":"https:\/\/quiranteabogada.com\/de\/#\/schema\/logo\/image\/"},"sameAs":["https:\/\/www.facebook.com\/mariajose.quirantetello","https:\/\/www.linkedin.com\/in\/mar\u00eda-jos\u00e9-quirante-tello-601a61b3\/"]}]}},"_links":{"self":[{"href":"https:\/\/quiranteabogada.com\/de\/wp-json\/wp\/v2\/pages\/600","targetHints":{"allow":["GET"]}}],"collection":[{"href":"https:\/\/quiranteabogada.com\/de\/wp-json\/wp\/v2\/pages"}],"about":[{"href":"https:\/\/quiranteabogada.com\/de\/wp-json\/wp\/v2\/types\/page"}],"author":[{"embeddable":true,"href":"https:\/\/quiranteabogada.com\/de\/wp-json\/wp\/v2\/users\/2"}],"replies":[{"embeddable":true,"href":"https:\/\/quiranteabogada.com\/de\/wp-json\/wp\/v2\/comments?post=600"}],"version-history":[{"count":2,"href":"https:\/\/quiranteabogada.com\/de\/wp-json\/wp\/v2\/pages\/600\/revisions"}],"predecessor-version":[{"id":1786,"href":"https:\/\/quiranteabogada.com\/de\/wp-json\/wp\/v2\/pages\/600\/revisions\/1786"}],"wp:attachment":[{"href":"https:\/\/quiranteabogada.com\/de\/wp-json\/wp\/v2\/media?parent=600"}],"curies":[{"name":"wp","href":"https:\/\/api.w.org\/{rel}","templated":true}]}}